{"id":32,"date":"2023-09-02T15:49:27","date_gmt":"2023-09-02T13:49:27","guid":{"rendered":"http:\/\/projektdobrostan.pl\/?page_id=32"},"modified":"2025-08-29T07:32:02","modified_gmt":"2025-08-29T05:32:02","slug":"coaching-mentoring-consulting-zielarstwo-holistycznie","status":"publish","type":"page","link":"https:\/\/projektdobrostan.pl\/","title":{"rendered":"Projekt Dobrostan"},"content":{"rendered":"\n<div class=\"wp-block-media-text alignfull is-stacked-on-mobile is-vertically-aligned-center is-style-default\" style=\"grid-template-columns:30% auto\"><figure class=\"wp-block-media-text__media\"><img loading=\"lazy\" decoding=\"async\" width=\"1024\" height=\"1024\" src=\"https:\/\/projektdobrostan.pl\/wp-content\/uploads\/2024\/05\/FOTO_Obszar-roboczy-1-\u2014-kopia-1024x1024.png\" alt=\"\" class=\"wp-image-467 size-full\" srcset=\"https:\/\/projektdobrostan.pl\/wp-content\/uploads\/2024\/05\/FOTO_Obszar-roboczy-1-\u2014-kopia-1024x1024.png 1024w, https:\/\/projektdobrostan.pl\/wp-content\/uploads\/2024\/05\/FOTO_Obszar-roboczy-1-\u2014-kopia-300x300.png 300w, https:\/\/projektdobrostan.pl\/wp-content\/uploads\/2024\/05\/FOTO_Obszar-roboczy-1-\u2014-kopia-150x150.png 150w, https:\/\/projektdobrostan.pl\/wp-content\/uploads\/2024\/05\/FOTO_Obszar-roboczy-1-\u2014-kopia-768x768.png 768w, https:\/\/projektdobrostan.pl\/wp-content\/uploads\/2024\/05\/FOTO_Obszar-roboczy-1-\u2014-kopia-1536x1536.png 1536w, https:\/\/projektdobrostan.pl\/wp-content\/uploads\/2024\/05\/FOTO_Obszar-roboczy-1-\u2014-kopia-2048x2048.png 2048w, https:\/\/projektdobrostan.pl\/wp-content\/uploads\/2024\/05\/FOTO_Obszar-roboczy-1-\u2014-kopia-1568x1568.png 1568w\" sizes=\"auto, (max-width: 1024px) 100vw, 1024px\" \/><\/figure><div class=\"wp-block-media-text__content\">\n<p><\/p>\n\n\n\n<p><\/p>\n\n\n\n<p><\/p>\n\n\n\n<p><\/p>\n\n\n\n<h2 class=\"wp-block-heading has-text-align-center has-text-color\" style=\"color:#000000\"><strong>POMAGAM KOBIETOM W DRODZE DO DOBROSTANU. HOLISTYCZNIE.<\/strong><\/h2>\n\n\n\n<div class=\"wp-block-columns is-layout-flex wp-container-core-columns-is-layout-9d6595d7 wp-block-columns-is-layout-flex\">\n<div class=\"wp-block-column is-layout-flow wp-block-column-is-layout-flow\"><\/div>\n\n\n\n<div class=\"wp-block-column is-layout-flow wp-block-column-is-layout-flow\"><\/div>\n\n\n\n<div class=\"wp-block-column is-layout-flow wp-block-column-is-layout-flow\"><\/div>\n<\/div>\n<\/div><\/div>\n\n\n\n<div class=\"wp-block-columns alignwide are-vertically-aligned-center is-layout-flex wp-container-core-columns-is-layout-9d6595d7 wp-block-columns-is-layout-flex\">\n<div class=\"wp-block-column is-vertically-aligned-center is-layout-flow wp-block-column-is-layout-flow\">\n<div class=\"wp-block-columns is-layout-flex wp-container-core-columns-is-layout-9d6595d7 wp-block-columns-is-layout-flex\">\n<div class=\"wp-block-column is-layout-flow wp-block-column-is-layout-flow\" style=\"flex-basis:100%\">\n<div class=\"wp-block-columns are-vertically-aligned-center is-layout-flex wp-container-core-columns-is-layout-9d6595d7 wp-block-columns-is-layout-flex\">\n<div class=\"wp-block-column is-vertically-aligned-center is-layout-flow wp-block-column-is-layout-flow\" style=\"flex-basis:100%\">\n<p>Pomagam kobietom \u015bwiadomie przej\u015b\u0107 przez kluczowe <strong>ZMIANY \u017cyciowe &#8211;<\/strong> <strong>zawodowe, zdrowotne i rodzinne<\/strong>&#8211; \u0142\u0105cz\u0105c strategiczne planowanie Zachodu z m\u0105dro\u015bci\u0105 i holistycznym wsparciem Wschodu.<\/p>\n\n\n\n<p>Jako marketingowiec po SGH, przez 25 lat budowa\u0142am jedne z najbardziej znanych marek (m.in. Pudliszki, Heinz, Frugo, Masmix, Cleanic, Krosno Glass), przez ostatnie 10 lat pe\u0142ni\u0105c rol\u0119 szefowej marketingu. R\u00f3wnolegle uko\u0144czy\u0142am roczne studia podyplomowe &#8211; Coaching na SWPS, a podczas pobytu w a\u015bramie w 2014r, zdoby\u0142am dyplom nauczyciela jogi (Joga Siromani). Przez ostatnie 5 lat studiowa\u0142am dodatkowo &#8211; medycyn\u0119 chi\u0144sk\u0105 w polsko-chi\u0144skiej szkole TOMO, kt\u00f3r\u0105 uko\u0144czy\u0142am w czerwcu 2025r, uzyskuj\u0105c tytu\u0142 Fitoterapeuty Medycyny Chi\u0144skiej.<\/p>\n<\/div>\n<\/div>\n<\/div>\n<\/div>\n\n\n\n<div class=\"wp-block-columns is-layout-flex wp-container-core-columns-is-layout-9d6595d7 wp-block-columns-is-layout-flex\">\n<div class=\"wp-block-column is-layout-flow wp-block-column-is-layout-flow\" style=\"flex-basis:100%\">\n<div class=\"wp-block-columns are-vertically-aligned-center is-layout-flex wp-container-core-columns-is-layout-9d6595d7 wp-block-columns-is-layout-flex\">\n<div class=\"wp-block-column is-vertically-aligned-center is-layout-flow wp-block-column-is-layout-flow\" style=\"flex-basis:100%\"><\/div>\n<\/div>\n<\/div>\n<\/div>\n<\/div>\n\n\n\n<div class=\"wp-block-column is-vertically-aligned-center is-layout-flow wp-block-column-is-layout-flow\">\n<div class=\"wp-block-columns is-layout-flex wp-container-core-columns-is-layout-9d6595d7 wp-block-columns-is-layout-flex\">\n<div class=\"wp-block-column is-layout-flow wp-block-column-is-layout-flow\" style=\"flex-basis:100%\">\n<div class=\"wp-block-columns are-vertically-aligned-center is-layout-flex wp-container-core-columns-is-layout-9d6595d7 wp-block-columns-is-layout-flex\">\n<div class=\"wp-block-column is-vertically-aligned-center is-layout-flow wp-block-column-is-layout-flow\" style=\"flex-basis:100%\">\n<p>Dzi\u0119ki integracji mojego 25-letniego, korporacyjnego do\u015bwiadczenia, kompetencji coachingowych oraz wiedzy z zakresu medycyny chi\u0144skiej i wieloletniej, codziennej praktyki duchowej, <strong>oferuj\u0119 nie tylko narz\u0119dzia do osi\u0105gni\u0119cia cel\u00f3w ale tak\u017ce g\u0142\u0119bokie zrozumienie i wsparcie w uzdrawianiu cia\u0142a, umys\u0142u i emocji.<\/strong><\/p>\n<\/div>\n<\/div>\n<\/div>\n<\/div>\n\n\n\n<p><\/p>\n\n\n\n<p><em>Moj\u0105 intencj\u0105 jest aby\u015b nie tylko znalaz\u0142a now\u0105 \u015bcie\u017ck\u0119 ale sz\u0142a ni\u0105 z poczuciem wewn\u0119trznego spokoju, klarowno\u015bci i &#8211; w pe\u0142ni zdrowia &#8211; odnalaz\u0142a poczucie spe\u0142nienia i dobrostanu.<\/em><\/p>\n\n\n\n<p><\/p>\n\n\n\n<p>&#8222;Najwi\u0119ksz\u0105 podr\u00f3\u017c\u0105 jest podr\u00f3\u017c do wn\u0119trza siebie&#8221; &#8211; <em>Carl Gustav Jung<\/em><\/p>\n<\/div>\n<\/div>\n\n\n\n<div class=\"wp-block-columns alignwide is-layout-flex wp-container-core-columns-is-layout-9d6595d7 wp-block-columns-is-layout-flex\">\n<div class=\"wp-block-column is-layout-flow wp-block-column-is-layout-flow\">\n<div class=\"wp-block-buttons alignwide is-layout-flex wp-block-buttons-is-layout-flex\">\n<div class=\"wp-block-button\"><a class=\"wp-block-button__link wp-element-button\" href=\"https:\/\/projektdobrostan.pl\/?page_id=30\">Wi\u0119cej o mojej misji<\/a><\/div>\n<\/div>\n<\/div>\n<\/div>\n\n\n\n<div class=\"wp-block-media-text alignfull has-media-on-the-right is-stacked-on-mobile is-vertically-aligned-bottom is-style-default\" style=\"grid-template-columns:auto 45%\"><div class=\"wp-block-media-text__content\">\n<h2 class=\"wp-block-heading has-text-color\" style=\"color:#000000\"><strong>Oferuj\u0119 indywidualne sesje konsultacyjne, coachingowe i mentoringowe: <\/strong><\/h2>\n\n\n\n<ul class=\"wp-block-list\">\n<li>Pojedyncze konsultacje holistyczne &#8211; skoncentrowane na rozwi\u0105zaniu konkretnego dylematu lub wyzwania.<\/li>\n\n\n\n<li>Dedykowane programy transformacyjne &#8211; 3 miesi\u0119czne, intensywne procesy \u0142\u0105cz\u0105ce prac\u0119 nad mindsetem, cia\u0142em i energi\u0105.<\/li>\n<\/ul>\n\n\n\n<p>Sesje z regu\u0142y trwaj\u0105 1,5h i odbywaj\u0105 si\u0119 co 2 tygodnie (je\u015bli stanowi\u0105 cz\u0119\u015b\u0107 cyklu\/programu).<\/p>\n\n\n\n<p>Pracuj\u0119 g\u0142\u00f3wnie stacjonarnie, gdy\u017c mam przekonanie, \u017ce w dzisiejszych czasach, zw\u0142aszcza w kontek\u015bcie sztucznej inteligencji (AI), najwi\u0119ksz\u0105 warto\u015b\u0107 daje bezpo\u015brednie spotkanie z drugim cz\u0142owiekiem w &#8222;polu serca&#8221; czyli z INTELIGENCJ\u0104 SERCA.<\/p>\n\n\n\n<p>Niemniej jednak, w wyj\u0105tkowych sytuacjach, je\u015bli nie jest to pierwsza wizyta, mo\u017cemy um\u00f3wi\u0107 si\u0119 na spotkanie on-line.<\/p>\n\n\n\n<p> <strong>Zapraszam do kontaktu<\/strong>: \u260e\ufe0f<\/p>\n\n\n\n<p><strong>733 841 442<\/strong><\/p>\n\n\n\n<p>katarzyna.marcelewicz@gmail.com<\/p>\n\n\n\n<p class=\"has-text-color\" style=\"color:#636363;font-size:17px;line-height:1.1\"><\/p>\n\n\n\n<figure class=\"wp-block-image size-large\"><img loading=\"lazy\" decoding=\"async\" width=\"1024\" height=\"683\" src=\"https:\/\/projektdobrostan.pl\/wp-content\/uploads\/2025\/08\/IMG_1703-1024x683.jpg\" alt=\"\" class=\"wp-image-601\" srcset=\"https:\/\/projektdobrostan.pl\/wp-content\/uploads\/2025\/08\/IMG_1703-1024x683.jpg 1024w, https:\/\/projektdobrostan.pl\/wp-content\/uploads\/2025\/08\/IMG_1703-300x200.jpg 300w, https:\/\/projektdobrostan.pl\/wp-content\/uploads\/2025\/08\/IMG_1703-768x512.jpg 768w, https:\/\/projektdobrostan.pl\/wp-content\/uploads\/2025\/08\/IMG_1703-1536x1024.jpg 1536w, https:\/\/projektdobrostan.pl\/wp-content\/uploads\/2025\/08\/IMG_1703-1568x1045.jpg 1568w, https:\/\/projektdobrostan.pl\/wp-content\/uploads\/2025\/08\/IMG_1703.jpg 2048w\" sizes=\"auto, (max-width: 1024px) 100vw, 1024px\" \/><\/figure>\n\n\n\n<div class=\"wp-block-columns is-layout-flex wp-container-core-columns-is-layout-9d6595d7 wp-block-columns-is-layout-flex\">\n<div class=\"wp-block-column is-layout-flow wp-block-column-is-layout-flow\"><\/div>\n\n\n\n<div class=\"wp-block-column is-layout-flow wp-block-column-is-layout-flow\"><\/div>\n\n\n\n<div class=\"wp-block-column is-layout-flow wp-block-column-is-layout-flow\"><\/div>\n<\/div>\n\n\n\n<p><\/p>\n\n\n\n<p><\/p>\n\n\n\n<p><\/p>\n<\/div><figure class=\"wp-block-media-text__media\"><a href=\"https:\/\/projektdobrostan.pl\/?p=239\"><img loading=\"lazy\" decoding=\"async\" width=\"1024\" height=\"683\" src=\"https:\/\/projektdobrostan.pl\/wp-content\/uploads\/2025\/08\/IMG_7999-1024x683.jpg\" alt=\"\" class=\"wp-image-512 size-full\" srcset=\"https:\/\/projektdobrostan.pl\/wp-content\/uploads\/2025\/08\/IMG_7999-1024x683.jpg 1024w, https:\/\/projektdobrostan.pl\/wp-content\/uploads\/2025\/08\/IMG_7999-300x200.jpg 300w, https:\/\/projektdobrostan.pl\/wp-content\/uploads\/2025\/08\/IMG_7999-768x512.jpg 768w, https:\/\/projektdobrostan.pl\/wp-content\/uploads\/2025\/08\/IMG_7999-1536x1024.jpg 1536w, https:\/\/projektdobrostan.pl\/wp-content\/uploads\/2025\/08\/IMG_7999-1568x1045.jpg 1568w, https:\/\/projektdobrostan.pl\/wp-content\/uploads\/2025\/08\/IMG_7999.jpg 2048w\" sizes=\"auto, (max-width: 1024px) 100vw, 1024px\" \/><\/a><\/figure><\/div>\n\n\n\n<hr class=\"wp-block-separator has-alpha-channel-opacity\"\/>\n\n\n\n<div class=\"wp-block-columns alignwide are-vertically-aligned-center is-layout-flex wp-container-core-columns-is-layout-9d6595d7 wp-block-columns-is-layout-flex\">\n<div class=\"wp-block-column is-vertically-aligned-center is-layout-flow wp-block-column-is-layout-flow\">\n<h4 class=\"wp-block-heading\">Jak zadba\u0107 o g\u0142\u0119boki sen?<\/h4>\n\n\n\n<p>K\u0142ad\u017a si\u0119 spa\u0107 mi\u0119dzy 22.00 a 23.00 (a zim\u0105 i w czasie choroby nawet wcze\u015bniej). Nie jedz po 18.00, a je\u015bli musisz zje\u015b\u0107, to tylko lekki, ciep\u0142y posi\u0142ek, koniecznie bez mi\u0119sa, cebuli i rozgrzewaj\u0105cych przypraw.<\/p>\n\n\n\n<div class=\"wp-block-buttons is-layout-flex wp-block-buttons-is-layout-flex\">\n<div class=\"wp-block-button\"><a class=\"wp-block-button__link has-text-align-center wp-element-button\" href=\"https:\/\/projektdobrostan.pl\/?p=239\">Dowiedz si\u0119 wi\u0119cej<\/a><\/div>\n<\/div>\n<\/div>\n\n\n\n<div class=\"wp-block-column is-vertically-aligned-center is-layout-flow wp-block-column-is-layout-flow\">\n<h4 class=\"wp-block-heading\">Zanim si\u0119gniesz po HTZ<\/h4>\n\n\n\n<p>Zanim si\u0119gniesz po hormonaln\u0105 terapi\u0119 zast\u0119pcz\u0105, wprowad\u017a 7 nawyk\u00f3w wspieraj\u0105cych witalno\u015b\u0107. Na pocz\u0105tek przypomnienie: badaj si\u0119 regularnie i je\u015bli co\u015b Ci\u0119 niepokoi, konsultuj si\u0119 z lekarzem.<\/p>\n\n\n\n<div class=\"wp-block-buttons is-layout-flex wp-block-buttons-is-layout-flex\">\n<div class=\"wp-block-button\"><a class=\"wp-block-button__link wp-element-button\" href=\"https:\/\/projektdobrostan.pl\/?p=247\">Dowiedz si\u0119 wi\u0119cej<\/a><\/div>\n<\/div>\n<\/div>\n\n\n\n<div class=\"wp-block-column is-vertically-aligned-center is-layout-flow wp-block-column-is-layout-flow\">\n<h4 class=\"wp-block-heading\">Czy wiesz czym jest BA ZI?<\/h4>\n\n\n\n<p>Analiza Ba Zi okre\u015bla potencja\u0142y i s\u0142abo\u015bci naszego cia\u0142a oraz konstrukcji emocjonalnej. Daje lepsze zrozumienie sk\u0142onno\u015bci i ogranicze\u0144, po to by \u017cy\u0142o si\u0119 nam \u0142atwiej i bardziej \u015bwiadomie.<\/p>\n\n\n\n<div class=\"wp-block-buttons is-layout-flex wp-block-buttons-is-layout-flex\">\n<div class=\"wp-block-button\"><a class=\"wp-block-button__link wp-element-button\" href=\"https:\/\/projektdobrostan.pl\/?p=429\">Dowiedz si\u0119 wi\u0119cej<\/a><\/div>\n<\/div>\n<\/div>\n<\/div>\n\n\n\n<div class=\"wp-block-columns alignwide is-layout-flex wp-container-core-columns-is-layout-9d6595d7 wp-block-columns-is-layout-flex\">\n<div class=\"wp-block-column is-layout-flow wp-block-column-is-layout-flow\">\n<div class=\"wp-block-buttons is-layout-flex wp-block-buttons-is-layout-flex\"><\/div>\n<\/div>\n\n\n\n<div class=\"wp-block-column is-layout-flow wp-block-column-is-layout-flow\">\n<div class=\"wp-block-buttons is-layout-flex wp-block-buttons-is-layout-flex\"><\/div>\n<\/div>\n\n\n\n<div class=\"wp-block-column is-layout-flow wp-block-column-is-layout-flow\">\n<div class=\"wp-block-buttons is-layout-flex wp-block-buttons-is-layout-flex\"><\/div>\n<\/div>\n<\/div>\n\n\n\n<p><\/p>\n","protected":false},"excerpt":{"rendered":"<p>Pomagam kobietom \u015bwiadomie przej\u015b\u0107 przez kluczowe ZMIANY \u017cyciowe &#8211; zawodowe, zdrowotne i rodzinne&#8211; \u0142\u0105cz\u0105c strategiczne planowanie Zachodu z m\u0105dro\u015bci\u0105 i holistycznym wsparciem Wschodu. Jako marketingowiec po SGH, przez 25 lat budowa\u0142am jedne z najbardziej znanych marek (m.in. Pudliszki, Heinz, Frugo, Masmix, Cleanic, Krosno Glass), przez ostatnie 10 lat pe\u0142ni\u0105c rol\u0119 szefowej marketingu. R\u00f3wnolegle uko\u0144czy\u0142am roczne&hellip; <a class=\"more-link\" href=\"https:\/\/projektdobrostan.pl\/\">Czytaj dalej <span class=\"screen-reader-text\">Projekt Dobrostan<\/span><\/a><\/p>\n","protected":false},"author":1,"featured_media":0,"parent":0,"menu_order":0,"comment_status":"closed","ping_status":"closed","template":"elementor_theme","meta":{"footnotes":""},"class_list":["post-32","page","type-page","status-publish","hentry","entry"],"yoast_head":"<!-- This site is optimized with the Yoast SEO plugin v21.8.1 - https:\/\/yoast.com\/wordpress\/plugins\/seo\/ -->\n<title>Projekt Dobrostan - Projekt Dobrostan<\/title>\n<meta name=\"description\" content=\"Integruj\u0119 zachodni coaching i strategi\u0119 ze wschodni\u0105 medycyn\u0105 i duchowo\u015bci\u0105 by prowadzi\u0107 kobiety przez kluczowe zmiany \u017cyciowe\" \/>\n<meta name=\"robots\" content=\"index, follow, max-snippet:-1, max-image-preview:large, max-video-preview:-1\" \/>\n<link rel=\"canonical\" href=\"https:\/\/projektdobrostan.pl\/\" \/>\n<meta property=\"og:locale\" content=\"pl_PL\" \/>\n<meta property=\"og:type\" content=\"article\" \/>\n<meta property=\"og:title\" content=\"Projekt Dobrostan - Projekt Dobrostan\" \/>\n<meta property=\"og:description\" content=\"Integruj\u0119 zachodni coaching i strategi\u0119 ze wschodni\u0105 medycyn\u0105 i duchowo\u015bci\u0105 by prowadzi\u0107 kobiety przez kluczowe zmiany \u017cyciowe\" \/>\n<meta property=\"og:url\" content=\"https:\/\/projektdobrostan.pl\/\" \/>\n<meta property=\"og:site_name\" content=\"Projekt Dobrostan\" \/>\n<meta property=\"article:modified_time\" content=\"2025-08-29T05:32:02+00:00\" \/>\n<meta property=\"og:image\" content=\"https:\/\/projektdobrostan.pl\/wp-content\/uploads\/2025\/08\/IMG_1703-1024x683.jpg\" \/>\n<meta name=\"twitter:card\" content=\"summary_large_image\" \/>\n<meta name=\"twitter:label1\" content=\"Szacowany czas czytania\" \/>\n\t<meta name=\"twitter:data1\" content=\"3 minuty\" \/>\n<script type=\"application\/ld+json\" class=\"yoast-schema-graph\">{\"@context\":\"https:\/\/schema.org\",\"@graph\":[{\"@type\":\"WebPage\",\"@id\":\"https:\/\/projektdobrostan.pl\/\",\"url\":\"https:\/\/projektdobrostan.pl\/\",\"name\":\"Projekt Dobrostan - Projekt Dobrostan\",\"isPartOf\":{\"@id\":\"https:\/\/projektdobrostan.pl\/#website\"},\"datePublished\":\"2023-09-02T13:49:27+00:00\",\"dateModified\":\"2025-08-29T05:32:02+00:00\",\"description\":\"Integruj\u0119 zachodni coaching i strategi\u0119 ze wschodni\u0105 medycyn\u0105 i duchowo\u015bci\u0105 by prowadzi\u0107 kobiety przez kluczowe zmiany \u017cyciowe\",\"breadcrumb\":{\"@id\":\"https:\/\/projektdobrostan.pl\/#breadcrumb\"},\"inLanguage\":\"pl-PL\",\"potentialAction\":[{\"@type\":\"ReadAction\",\"target\":[\"https:\/\/projektdobrostan.pl\/\"]}]},{\"@type\":\"BreadcrumbList\",\"@id\":\"https:\/\/projektdobrostan.pl\/#breadcrumb\",\"itemListElement\":[{\"@type\":\"ListItem\",\"position\":1,\"name\":\"Home\",\"item\":\"https:\/\/projektdobrostan.pl\/\"},{\"@type\":\"ListItem\",\"position\":2,\"name\":\"Projekt Dobrostan\"}]},{\"@type\":\"WebSite\",\"@id\":\"https:\/\/projektdobrostan.pl\/#website\",\"url\":\"https:\/\/projektdobrostan.pl\/\",\"name\":\"Projekt Dobrostan\",\"description\":\"\",\"publisher\":{\"@id\":\"https:\/\/projektdobrostan.pl\/#organization\"},\"potentialAction\":[{\"@type\":\"SearchAction\",\"target\":{\"@type\":\"EntryPoint\",\"urlTemplate\":\"https:\/\/projektdobrostan.pl\/?s={search_term_string}\"},\"query-input\":\"required name=search_term_string\"}],\"inLanguage\":\"pl-PL\"},{\"@type\":\"Organization\",\"@id\":\"https:\/\/projektdobrostan.pl\/#organization\",\"name\":\"Projekt Dobrostan\",\"url\":\"https:\/\/projektdobrostan.pl\/\",\"logo\":{\"@type\":\"ImageObject\",\"inLanguage\":\"pl-PL\",\"@id\":\"https:\/\/projektdobrostan.pl\/#\/schema\/logo\/image\/\",\"url\":\"https:\/\/projektdobrostan.pl\/wp-content\/uploads\/2024\/05\/logo-final-05-2024.png\",\"contentUrl\":\"https:\/\/projektdobrostan.pl\/wp-content\/uploads\/2024\/05\/logo-final-05-2024.png\",\"width\":393,\"height\":388,\"caption\":\"Projekt Dobrostan\"},\"image\":{\"@id\":\"https:\/\/projektdobrostan.pl\/#\/schema\/logo\/image\/\"}}]}<\/script>\n<!-- \/ Yoast SEO plugin. -->","yoast_head_json":{"title":"Projekt Dobrostan - Projekt Dobrostan","description":"Integruj\u0119 zachodni coaching i strategi\u0119 ze wschodni\u0105 medycyn\u0105 i duchowo\u015bci\u0105 by prowadzi\u0107 kobiety przez kluczowe zmiany \u017cyciowe","robots":{"index":"index","follow":"follow","max-snippet":"max-snippet:-1","max-image-preview":"max-image-preview:large","max-video-preview":"max-video-preview:-1"},"canonical":"https:\/\/projektdobrostan.pl\/","og_locale":"pl_PL","og_type":"article","og_title":"Projekt Dobrostan - Projekt Dobrostan","og_description":"Integruj\u0119 zachodni coaching i strategi\u0119 ze wschodni\u0105 medycyn\u0105 i duchowo\u015bci\u0105 by prowadzi\u0107 kobiety przez kluczowe zmiany \u017cyciowe","og_url":"https:\/\/projektdobrostan.pl\/","og_site_name":"Projekt Dobrostan","article_modified_time":"2025-08-29T05:32:02+00:00","og_image":[{"url":"https:\/\/projektdobrostan.pl\/wp-content\/uploads\/2025\/08\/IMG_1703-1024x683.jpg"}],"twitter_card":"summary_large_image","twitter_misc":{"Szacowany czas czytania":"3 minuty"},"schema":{"@context":"https:\/\/schema.org","@graph":[{"@type":"WebPage","@id":"https:\/\/projektdobrostan.pl\/","url":"https:\/\/projektdobrostan.pl\/","name":"Projekt Dobrostan - Projekt Dobrostan","isPartOf":{"@id":"https:\/\/projektdobrostan.pl\/#website"},"datePublished":"2023-09-02T13:49:27+00:00","dateModified":"2025-08-29T05:32:02+00:00","description":"Integruj\u0119 zachodni coaching i strategi\u0119 ze wschodni\u0105 medycyn\u0105 i duchowo\u015bci\u0105 by prowadzi\u0107 kobiety przez kluczowe zmiany \u017cyciowe","breadcrumb":{"@id":"https:\/\/projektdobrostan.pl\/#breadcrumb"},"inLanguage":"pl-PL","potentialAction":[{"@type":"ReadAction","target":["https:\/\/projektdobrostan.pl\/"]}]},{"@type":"BreadcrumbList","@id":"https:\/\/projektdobrostan.pl\/#breadcrumb","itemListElement":[{"@type":"ListItem","position":1,"name":"Home","item":"https:\/\/projektdobrostan.pl\/"},{"@type":"ListItem","position":2,"name":"Projekt Dobrostan"}]},{"@type":"WebSite","@id":"https:\/\/projektdobrostan.pl\/#website","url":"https:\/\/projektdobrostan.pl\/","name":"Projekt Dobrostan","description":"","publisher":{"@id":"https:\/\/projektdobrostan.pl\/#organization"},"potentialAction":[{"@type":"SearchAction","target":{"@type":"EntryPoint","urlTemplate":"https:\/\/projektdobrostan.pl\/?s={search_term_string}"},"query-input":"required name=search_term_string"}],"inLanguage":"pl-PL"},{"@type":"Organization","@id":"https:\/\/projektdobrostan.pl\/#organization","name":"Projekt Dobrostan","url":"https:\/\/projektdobrostan.pl\/","logo":{"@type":"ImageObject","inLanguage":"pl-PL","@id":"https:\/\/projektdobrostan.pl\/#\/schema\/logo\/image\/","url":"https:\/\/projektdobrostan.pl\/wp-content\/uploads\/2024\/05\/logo-final-05-2024.png","contentUrl":"https:\/\/projektdobrostan.pl\/wp-content\/uploads\/2024\/05\/logo-final-05-2024.png","width":393,"height":388,"caption":"Projekt Dobrostan"},"image":{"@id":"https:\/\/projektdobrostan.pl\/#\/schema\/logo\/image\/"}}]}},"_links":{"self":[{"href":"https:\/\/projektdobrostan.pl\/index.php?rest_route=\/wp\/v2\/pages\/32","targetHints":{"allow":["GET"]}}],"collection":[{"href":"https:\/\/projektdobrostan.pl\/index.php?rest_route=\/wp\/v2\/pages"}],"about":[{"href":"https:\/\/projektdobrostan.pl\/index.php?rest_route=\/wp\/v2\/types\/page"}],"author":[{"embeddable":true,"href":"https:\/\/projektdobrostan.pl\/index.php?rest_route=\/wp\/v2\/users\/1"}],"replies":[{"embeddable":true,"href":"https:\/\/projektdobrostan.pl\/index.php?rest_route=%2Fwp%2Fv2%2Fcomments&post=32"}],"version-history":[{"count":123,"href":"https:\/\/projektdobrostan.pl\/index.php?rest_route=\/wp\/v2\/pages\/32\/revisions"}],"predecessor-version":[{"id":602,"href":"https:\/\/projektdobrostan.pl\/index.php?rest_route=\/wp\/v2\/pages\/32\/revisions\/602"}],"wp:attachment":[{"href":"https:\/\/projektdobrostan.pl\/index.php?rest_route=%2Fwp%2Fv2%2Fmedia&parent=32"}],"curies":[{"name":"wp","href":"https:\/\/api.w.org\/{rel}","templated":true}]}}