{"id":30,"date":"2023-09-02T15:49:27","date_gmt":"2023-09-02T13:49:27","guid":{"rendered":"http:\/\/projektdobrostan.pl\/?page_id=30"},"modified":"2025-09-03T07:34:13","modified_gmt":"2025-09-03T05:34:13","slug":"informacje","status":"publish","type":"page","link":"https:\/\/projektdobrostan.pl\/?page_id=30","title":{"rendered":"Moja misja"},"content":{"rendered":"\n<div class=\"wp-block-media-text is-stacked-on-mobile\" style=\"grid-template-columns:38% auto\"><figure class=\"wp-block-media-text__media\"><img loading=\"lazy\" decoding=\"async\" width=\"512\" height=\"512\" src=\"https:\/\/projektdobrostan.pl\/wp-content\/uploads\/2024\/05\/cropped-FOTO_Obszar-roboczy-1-\u2014-kopia.png\" alt=\"\" class=\"wp-image-470 size-full\" srcset=\"https:\/\/projektdobrostan.pl\/wp-content\/uploads\/2024\/05\/cropped-FOTO_Obszar-roboczy-1-\u2014-kopia.png 512w, https:\/\/projektdobrostan.pl\/wp-content\/uploads\/2024\/05\/cropped-FOTO_Obszar-roboczy-1-\u2014-kopia-300x300.png 300w, https:\/\/projektdobrostan.pl\/wp-content\/uploads\/2024\/05\/cropped-FOTO_Obszar-roboczy-1-\u2014-kopia-150x150.png 150w, https:\/\/projektdobrostan.pl\/wp-content\/uploads\/2024\/05\/cropped-FOTO_Obszar-roboczy-1-\u2014-kopia-270x270.png 270w, https:\/\/projektdobrostan.pl\/wp-content\/uploads\/2024\/05\/cropped-FOTO_Obszar-roboczy-1-\u2014-kopia-192x192.png 192w, https:\/\/projektdobrostan.pl\/wp-content\/uploads\/2024\/05\/cropped-FOTO_Obszar-roboczy-1-\u2014-kopia-180x180.png 180w, https:\/\/projektdobrostan.pl\/wp-content\/uploads\/2024\/05\/cropped-FOTO_Obszar-roboczy-1-\u2014-kopia-32x32.png 32w\" sizes=\"auto, (max-width: 512px) 100vw, 512px\" \/><\/figure><div class=\"wp-block-media-text__content\">\n<p>Integruj\u0119 Zachodni coaching i strategi\u0119 ze Wschodni\u0105 medycyn\u0105 i duchowo\u015bci\u0105, by prowadzi\u0107 kobiety przez kluczowe zmiany \u017cyciowe. <\/p>\n<\/div><\/div>\n\n\n\n<p>Korzystam z wiedzy z zakresu zarz\u0105dzania i marketingu, coachingu i mentoringu, medycyny chi\u0144skiej, dietetyki profilaktycznej i leczniczej systemu medycyny chi\u0144skiej, a tak\u017ce narz\u0119dzi i metod zaczerpni\u0119tych ze wschodnich filozofii duchowych (jogi i buddyzmu). <\/p>\n\n\n\n<p><\/p>\n\n\n\n<p>Pomagam kobietom w 3 kluczowych obszarach zmian:<\/p>\n\n\n\n<p><strong>ZAWODOWYCH: <\/strong><\/p>\n\n\n\n<ul class=\"wp-block-list\">\n<li>awans,  rozw\u00f3j w obecnej firmie (jak przebi\u0107 &#8222;szklany sufit&#8221;)<\/li>\n\n\n\n<li>leadership i zarz\u0105dzanie zespo\u0142ami<\/li>\n\n\n\n<li>asertywno\u015b\u0107 i wyznaczanie granic w relacjach zawodowych<\/li>\n<\/ul>\n\n\n\n<ul class=\"wp-block-list\">\n<li>powr\u00f3t na rynek pracy po d\u0142u\u017cszej przerwie <\/li>\n\n\n\n<li>aktywizacja zawodowa po 50 r.\u017c.<\/li>\n\n\n\n<li>zmiana \u015bcie\u017cki kariery lub\/i przebran\u017cowienie<\/li>\n<\/ul>\n\n\n\n<ul class=\"wp-block-list\">\n<li>przej\u015bcie z etatu na w\u0142asn\u0105 dzia\u0142alno\u015b\u0107 gospodarcz\u0105 <\/li>\n<\/ul>\n\n\n\n<p><\/p>\n\n\n\n<p><strong>ZDROWOTNYCH<\/strong>:<\/p>\n\n\n\n<p><\/p>\n\n\n\n<ul class=\"wp-block-list\">\n<li>odzyskanie r\u00f3wnowagi i witalno\u015bci po wypaleniu zawodowym<\/li>\n\n\n\n<li>zarz\u0105dzanie energi\u0105 w momentach przeci\u0105\u017cenia prac\u0105, nauk\u0105 i obowi\u0105zkami<\/li>\n\n\n\n<li>transformacja oko\u0142o-menopauzalna<\/li>\n\n\n\n<li>budowa zdrowych nawyk\u00f3w wspieraj\u0105cych d\u0142ugowieczno\u015b\u0107<\/li>\n\n\n\n<li><strong>RODZINNYCH:<\/strong><\/li>\n\n\n\n<li>zmiana dynamiki w zwi\u0105zku d\u0142ugoterminowym<\/li>\n\n\n\n<li>asertywno\u015b\u0107 i wyznaczanie granic w relacjach rodzinnych<\/li>\n\n\n\n<li>rozstanie, rozw\u00f3d <\/li>\n\n\n\n<li>poszukiwanie nowego partnera (w ka\u017cdym wieku)<\/li>\n\n\n\n<li>relacje z dorastaj\u0105cymi i doros\u0142ymi dzie\u0107mi<\/li>\n\n\n\n<li>relacje w rodzinach patchworkowych<\/li>\n<\/ul>\n\n\n\n<h2 class=\"wp-block-heading\">Moje kwalifikacje<\/h2>\n\n\n\n<ul class=\"wp-block-list\">\n<li>Magister Ekonomii, Zarz\u0105dzanie i Marketing (SGH, 2000r)<\/li>\n\n\n\n<li>Coaching, roczne studia podyplomowe (SWPS &amp; Laboratorium Psychoedukacji-Instytut Treningu i Psychoterapii, 2011r)<\/li>\n\n\n\n<li>Nauczyciel Jogi (Yoga Vedanta Forest Academy, 2014r)<\/li>\n\n\n\n<li>Dietetyk profilaktyczny i leczniczy wed\u0142ug medycyny chi\u0144skiej (Instytut Medycyny Chi\u0144skiej w Krakowie, 2021r)<\/li>\n\n\n\n<li>Fitoterapeuta\/Zielarz medycyny chi\u0144skiej (TOMO &#8211; polsko-chi\u0144ska szko\u0142a medycyny chi\u0144skiej w Gda\u0144sku, 2025r)<\/li>\n<\/ul>\n\n\n\n<h2 class=\"wp-block-heading\">Prywatnie<\/h2>\n\n\n\n<p>Jestem kobiet\u0105 SPE\u0141NION\u0104 pod wieloma wzgl\u0119dami: zawodowo, naukowo, finansowo ale przede wszystkim jako MATKA &#8211; doros\u0142ej c\u00f3rki &#8211; Karoliny i jako \u017bONA &#8211; \u015bwietnego, wspieraj\u0105cego m\u0119\u017cczyzny &#8211; Przemka oraz jako macocha (cho\u0107, mo\u017ce lepiej brzmi &#8211; PRZYJACI\u00d3\u0141KA) jego 5-ki doros\u0142ych ju\u017c dzieci &#8211; Piotra, Marty, Kacpra, Zuzi i Igora. I, jak przysta\u0142o na prawdziw\u0105 &#8222;WIED\u0179M\u0118&#8221;, jestem posiadaczk\u0105,  kilku bia\u0142ych kot\u00f3w \ud83d\ude0e\ud83d\ude09<\/p>\n\n\n\n<figure class=\"wp-block-image size-large is-style-twentytwentyone-image-frame\"><img loading=\"lazy\" decoding=\"async\" width=\"768\" height=\"1024\" src=\"https:\/\/projektdobrostan.pl\/wp-content\/uploads\/2025\/08\/IMG_8739-768x1024.jpg\" alt=\"\" class=\"wp-image-579\" srcset=\"https:\/\/projektdobrostan.pl\/wp-content\/uploads\/2025\/08\/IMG_8739-768x1024.jpg 768w, https:\/\/projektdobrostan.pl\/wp-content\/uploads\/2025\/08\/IMG_8739-225x300.jpg 225w, https:\/\/projektdobrostan.pl\/wp-content\/uploads\/2025\/08\/IMG_8739-1152x1536.jpg 1152w, https:\/\/projektdobrostan.pl\/wp-content\/uploads\/2025\/08\/IMG_8739-1536x2048.jpg 1536w, https:\/\/projektdobrostan.pl\/wp-content\/uploads\/2025\/08\/IMG_8739-1568x2091.jpg 1568w, https:\/\/projektdobrostan.pl\/wp-content\/uploads\/2025\/08\/IMG_8739-scaled.jpg 1920w\" sizes=\"auto, (max-width: 768px) 100vw, 768px\" \/><\/figure>\n\n\n\n<p>W procesie studi\u00f3w coachingowych na SWPS, przygotowuj\u0105c si\u0119 do \u015bwiadomej i odpowiedzialnej pracy z lud\u017ami, przesz\u0142am przez obowi\u0105zkowe, kilkuletnie, dog\u0142\u0119bne procesy psychoterapeutyczne (w nurcie analitycznym i poznawczo-behawioralnym) w tym formu\u0142\u0119 Grupy Otwarcia (R) w Laboratorium Psychoedukacji oraz Hellingerowskie Ustawienia Rodzinne.<\/p>\n\n\n\n<p>Bliska jest mi filozofia wschodu, bywam na odosobnieniach medytacyjnych, medytuj\u0119 w tradycji Zen (a konkretnie chi\u0144skim Chan, kt\u00f3ry by\u0142 pierwowzorem japo\u0144skiego Zen), praktykuj\u0119 tak\u017ce jog\u0119 oraz &#8211; jako nauczyciel &#8211; prowadz\u0119 zaj\u0119cia jogi dla pocz\u0105tkuj\u0105cych w Sulej\u00f3wku pod Warszaw\u0105.<\/p>\n\n\n\n<figure class=\"wp-block-image size-large is-style-twentytwentyone-image-frame\"><img loading=\"lazy\" decoding=\"async\" width=\"794\" height=\"1024\" src=\"https:\/\/projektdobrostan.pl\/wp-content\/uploads\/2025\/08\/IMG_5099-794x1024.jpg\" alt=\"\" class=\"wp-image-590\" srcset=\"https:\/\/projektdobrostan.pl\/wp-content\/uploads\/2025\/08\/IMG_5099-794x1024.jpg 794w, https:\/\/projektdobrostan.pl\/wp-content\/uploads\/2025\/08\/IMG_5099-233x300.jpg 233w, https:\/\/projektdobrostan.pl\/wp-content\/uploads\/2025\/08\/IMG_5099-768x990.jpg 768w, https:\/\/projektdobrostan.pl\/wp-content\/uploads\/2025\/08\/IMG_5099.jpg 920w\" sizes=\"auto, (max-width: 794px) 100vw, 794px\" \/><\/figure>\n\n\n\n<p>Obecnie, poza coachingiem i mentoringiem,  \u015bwiadcz\u0119 us\u0142ugi konsultingowe z dziedziny marketingu strategicznego i komunikacji, ucz\u0119 m\u0142odzie\u017c w szkole ekonomicznej przedmiot\u00f3w zwi\u0105zanych z marketingiem i reklam\u0105 a tak\u017ce prowadz\u0119 wyk\u0142ady edukacyjne w Warszawskich Centrach Kultury i Aktywno\u015bci Lokalnej.<\/p>\n\n\n\n<figure class=\"wp-block-image size-large is-style-twentytwentyone-image-frame\"><img loading=\"lazy\" decoding=\"async\" width=\"1024\" height=\"683\" src=\"https:\/\/projektdobrostan.pl\/wp-content\/uploads\/2025\/08\/DSC_6772-1024x683.jpg\" alt=\"\" class=\"wp-image-586\" srcset=\"https:\/\/projektdobrostan.pl\/wp-content\/uploads\/2025\/08\/DSC_6772-1024x683.jpg 1024w, https:\/\/projektdobrostan.pl\/wp-content\/uploads\/2025\/08\/DSC_6772-300x200.jpg 300w, https:\/\/projektdobrostan.pl\/wp-content\/uploads\/2025\/08\/DSC_6772-768x512.jpg 768w, https:\/\/projektdobrostan.pl\/wp-content\/uploads\/2025\/08\/DSC_6772-1536x1024.jpg 1536w, https:\/\/projektdobrostan.pl\/wp-content\/uploads\/2025\/08\/DSC_6772-2048x1365.jpg 2048w, https:\/\/projektdobrostan.pl\/wp-content\/uploads\/2025\/08\/DSC_6772-1568x1045.jpg 1568w\" sizes=\"auto, (max-width: 1024px) 100vw, 1024px\" \/><\/figure>\n\n\n\n<p><strong> <\/strong><\/p>\n\n\n\n<p><strong>Dyplomy z zakresu medycyny chi\u0144skiej:<\/strong><\/p>\n\n\n\n<figure class=\"wp-block-image size-large\"><img loading=\"lazy\" decoding=\"async\" width=\"737\" height=\"1024\" src=\"https:\/\/projektdobrostan.pl\/wp-content\/uploads\/2025\/08\/Szkola-Tradycyjnej-Medycyny-Chinskiej-pdf-737x1024.jpg\" alt=\"\" class=\"wp-image-574\"\/><\/figure>\n\n\n\n<figure class=\"wp-block-gallery has-nested-images columns-default is-cropped wp-block-gallery-1 is-layout-flex wp-block-gallery-is-layout-flex\">\n<figure class=\"wp-block-image size-large\"><img loading=\"lazy\" decoding=\"async\" width=\"616\" height=\"874\" data-id=\"492\" src=\"https:\/\/projektdobrostan.pl\/wp-content\/uploads\/2024\/05\/Dyplom-9-\u2014-kopia.png\" alt=\"\" class=\"wp-image-492\" srcset=\"https:\/\/projektdobrostan.pl\/wp-content\/uploads\/2024\/05\/Dyplom-9-\u2014-kopia.png 616w, https:\/\/projektdobrostan.pl\/wp-content\/uploads\/2024\/05\/Dyplom-9-\u2014-kopia-211x300.png 211w\" sizes=\"auto, (max-width: 616px) 100vw, 616px\" \/><\/figure>\n\n\n\n<figure class=\"wp-block-image size-large\"><img loading=\"lazy\" decoding=\"async\" width=\"620\" height=\"873\" data-id=\"491\" src=\"https:\/\/projektdobrostan.pl\/wp-content\/uploads\/2024\/05\/Dyplom-8-\u2014-kopia.png\" alt=\"\" class=\"wp-image-491\" srcset=\"https:\/\/projektdobrostan.pl\/wp-content\/uploads\/2024\/05\/Dyplom-8-\u2014-kopia.png 620w, https:\/\/projektdobrostan.pl\/wp-content\/uploads\/2024\/05\/Dyplom-8-\u2014-kopia-213x300.png 213w\" sizes=\"auto, (max-width: 620px) 100vw, 620px\" \/><\/figure>\n\n\n\n<figure class=\"wp-block-image size-large\"><img loading=\"lazy\" decoding=\"async\" width=\"619\" height=\"862\" data-id=\"490\" src=\"https:\/\/projektdobrostan.pl\/wp-content\/uploads\/2024\/05\/Dyplom-7-\u2014-kopia.png\" alt=\"\" class=\"wp-image-490\" srcset=\"https:\/\/projektdobrostan.pl\/wp-content\/uploads\/2024\/05\/Dyplom-7-\u2014-kopia.png 619w, https:\/\/projektdobrostan.pl\/wp-content\/uploads\/2024\/05\/Dyplom-7-\u2014-kopia-215x300.png 215w\" sizes=\"auto, (max-width: 619px) 100vw, 619px\" \/><\/figure>\n\n\n\n<figure class=\"wp-block-image size-large\"><img loading=\"lazy\" decoding=\"async\" width=\"621\" height=\"871\" data-id=\"489\" src=\"https:\/\/projektdobrostan.pl\/wp-content\/uploads\/2024\/05\/Dyplom-6-\u2014-kopia.png\" alt=\"\" class=\"wp-image-489\" srcset=\"https:\/\/projektdobrostan.pl\/wp-content\/uploads\/2024\/05\/Dyplom-6-\u2014-kopia.png 621w, https:\/\/projektdobrostan.pl\/wp-content\/uploads\/2024\/05\/Dyplom-6-\u2014-kopia-214x300.png 214w\" sizes=\"auto, (max-width: 621px) 100vw, 621px\" \/><\/figure>\n\n\n\n<figure class=\"wp-block-image size-large\"><img loading=\"lazy\" decoding=\"async\" width=\"618\" height=\"873\" data-id=\"488\" src=\"https:\/\/projektdobrostan.pl\/wp-content\/uploads\/2024\/05\/Dyplom-5-\u2014-kopia.png\" alt=\"\" class=\"wp-image-488\" srcset=\"https:\/\/projektdobrostan.pl\/wp-content\/uploads\/2024\/05\/Dyplom-5-\u2014-kopia.png 618w, https:\/\/projektdobrostan.pl\/wp-content\/uploads\/2024\/05\/Dyplom-5-\u2014-kopia-212x300.png 212w\" sizes=\"auto, (max-width: 618px) 100vw, 618px\" \/><\/figure>\n\n\n\n<figure class=\"wp-block-image size-large\"><img loading=\"lazy\" decoding=\"async\" width=\"616\" height=\"874\" data-id=\"487\" src=\"https:\/\/projektdobrostan.pl\/wp-content\/uploads\/2024\/05\/Dyplom-4-\u2014-kopia.png\" alt=\"\" class=\"wp-image-487\" srcset=\"https:\/\/projektdobrostan.pl\/wp-content\/uploads\/2024\/05\/Dyplom-4-\u2014-kopia.png 616w, https:\/\/projektdobrostan.pl\/wp-content\/uploads\/2024\/05\/Dyplom-4-\u2014-kopia-211x300.png 211w\" sizes=\"auto, (max-width: 616px) 100vw, 616px\" \/><\/figure>\n\n\n\n<figure class=\"wp-block-image size-large\"><img loading=\"lazy\" decoding=\"async\" width=\"616\" height=\"878\" data-id=\"486\" src=\"https:\/\/projektdobrostan.pl\/wp-content\/uploads\/2024\/05\/Dyplom-3-\u2014-kopia.png\" alt=\"\" class=\"wp-image-486\" srcset=\"https:\/\/projektdobrostan.pl\/wp-content\/uploads\/2024\/05\/Dyplom-3-\u2014-kopia.png 616w, https:\/\/projektdobrostan.pl\/wp-content\/uploads\/2024\/05\/Dyplom-3-\u2014-kopia-210x300.png 210w\" sizes=\"auto, (max-width: 616px) 100vw, 616px\" \/><\/figure>\n\n\n\n<figure class=\"wp-block-image size-large\"><img loading=\"lazy\" decoding=\"async\" width=\"615\" height=\"876\" data-id=\"485\" src=\"https:\/\/projektdobrostan.pl\/wp-content\/uploads\/2024\/05\/Dyplom-2-\u2014-kopia.png\" alt=\"\" class=\"wp-image-485\" srcset=\"https:\/\/projektdobrostan.pl\/wp-content\/uploads\/2024\/05\/Dyplom-2-\u2014-kopia.png 615w, https:\/\/projektdobrostan.pl\/wp-content\/uploads\/2024\/05\/Dyplom-2-\u2014-kopia-211x300.png 211w\" sizes=\"auto, (max-width: 615px) 100vw, 615px\" \/><\/figure>\n\n\n\n<figure class=\"wp-block-image size-large\"><img loading=\"lazy\" decoding=\"async\" width=\"618\" height=\"876\" data-id=\"484\" src=\"https:\/\/projektdobrostan.pl\/wp-content\/uploads\/2024\/05\/Dyplom-1-\u2014-kopia.png\" alt=\"\" class=\"wp-image-484\" srcset=\"https:\/\/projektdobrostan.pl\/wp-content\/uploads\/2024\/05\/Dyplom-1-\u2014-kopia.png 618w, https:\/\/projektdobrostan.pl\/wp-content\/uploads\/2024\/05\/Dyplom-1-\u2014-kopia-212x300.png 212w\" sizes=\"auto, (max-width: 618px) 100vw, 618px\" \/><\/figure>\n<\/figure>\n","protected":false},"excerpt":{"rendered":"<p>Integruj\u0119 Zachodni coaching i strategi\u0119 ze Wschodni\u0105 medycyn\u0105 i duchowo\u015bci\u0105, by prowadzi\u0107 kobiety przez kluczowe zmiany \u017cyciowe. Korzystam z wiedzy z zakresu zarz\u0105dzania i marketingu, coachingu i mentoringu, medycyny chi\u0144skiej, dietetyki profilaktycznej i leczniczej systemu medycyny chi\u0144skiej, a tak\u017ce narz\u0119dzi i metod zaczerpni\u0119tych ze wschodnich filozofii duchowych (jogi i buddyzmu). Pomagam kobietom w 3 kluczowych&hellip; <a class=\"more-link\" href=\"https:\/\/projektdobrostan.pl\/?page_id=30\">Czytaj dalej <span class=\"screen-reader-text\">Moja misja<\/span><\/a><\/p>\n","protected":false},"author":1,"featured_media":0,"parent":0,"menu_order":0,"comment_status":"closed","ping_status":"closed","template":"","meta":{"footnotes":""},"class_list":["post-30","page","type-page","status-publish","hentry","entry"],"yoast_head":"<!-- This site is optimized with the Yoast SEO plugin v21.8.1 - https:\/\/yoast.com\/wordpress\/plugins\/seo\/ -->\n<title>Moja misja - Projekt Dobrostan<\/title>\n<meta name=\"robots\" content=\"index, follow, max-snippet:-1, max-image-preview:large, max-video-preview:-1\" \/>\n<link rel=\"canonical\" href=\"https:\/\/projektdobrostan.pl\/?page_id=30\" \/>\n<meta property=\"og:locale\" content=\"pl_PL\" \/>\n<meta property=\"og:type\" content=\"article\" \/>\n<meta property=\"og:title\" content=\"Moja misja - Projekt Dobrostan\" \/>\n<meta property=\"og:description\" content=\"Integruj\u0119 Zachodni coaching i strategi\u0119 ze Wschodni\u0105 medycyn\u0105 i duchowo\u015bci\u0105, by prowadzi\u0107 kobiety przez kluczowe zmiany \u017cyciowe. Korzystam z wiedzy z zakresu zarz\u0105dzania i marketingu, coachingu i mentoringu, medycyny chi\u0144skiej, dietetyki profilaktycznej i leczniczej systemu medycyny chi\u0144skiej, a tak\u017ce narz\u0119dzi i metod zaczerpni\u0119tych ze wschodnich filozofii duchowych (jogi i buddyzmu). Pomagam kobietom w 3 kluczowych&hellip; Czytaj dalej Moja misja\" \/>\n<meta property=\"og:url\" content=\"https:\/\/projektdobrostan.pl\/?page_id=30\" \/>\n<meta property=\"og:site_name\" content=\"Projekt Dobrostan\" \/>\n<meta property=\"article:modified_time\" content=\"2025-09-03T05:34:13+00:00\" \/>\n<meta property=\"og:image\" content=\"https:\/\/projektdobrostan.pl\/wp-content\/uploads\/2025\/08\/IMG_8739-768x1024.jpg\" \/>\n<meta name=\"twitter:card\" content=\"summary_large_image\" \/>\n<meta name=\"twitter:label1\" content=\"Szacowany czas czytania\" \/>\n\t<meta name=\"twitter:data1\" content=\"6 minut\" \/>\n<script type=\"application\/ld+json\" class=\"yoast-schema-graph\">{\"@context\":\"https:\/\/schema.org\",\"@graph\":[{\"@type\":\"WebPage\",\"@id\":\"https:\/\/projektdobrostan.pl\/?page_id=30\",\"url\":\"https:\/\/projektdobrostan.pl\/?page_id=30\",\"name\":\"Moja misja - Projekt Dobrostan\",\"isPartOf\":{\"@id\":\"https:\/\/projektdobrostan.pl\/#website\"},\"datePublished\":\"2023-09-02T13:49:27+00:00\",\"dateModified\":\"2025-09-03T05:34:13+00:00\",\"breadcrumb\":{\"@id\":\"https:\/\/projektdobrostan.pl\/?page_id=30#breadcrumb\"},\"inLanguage\":\"pl-PL\",\"potentialAction\":[{\"@type\":\"ReadAction\",\"target\":[\"https:\/\/projektdobrostan.pl\/?page_id=30\"]}]},{\"@type\":\"BreadcrumbList\",\"@id\":\"https:\/\/projektdobrostan.pl\/?page_id=30#breadcrumb\",\"itemListElement\":[{\"@type\":\"ListItem\",\"position\":1,\"name\":\"Home\",\"item\":\"https:\/\/projektdobrostan.pl\/\"},{\"@type\":\"ListItem\",\"position\":2,\"name\":\"Moja misja\"}]},{\"@type\":\"WebSite\",\"@id\":\"https:\/\/projektdobrostan.pl\/#website\",\"url\":\"https:\/\/projektdobrostan.pl\/\",\"name\":\"Projekt Dobrostan\",\"description\":\"\",\"publisher\":{\"@id\":\"https:\/\/projektdobrostan.pl\/#organization\"},\"potentialAction\":[{\"@type\":\"SearchAction\",\"target\":{\"@type\":\"EntryPoint\",\"urlTemplate\":\"https:\/\/projektdobrostan.pl\/?s={search_term_string}\"},\"query-input\":\"required name=search_term_string\"}],\"inLanguage\":\"pl-PL\"},{\"@type\":\"Organization\",\"@id\":\"https:\/\/projektdobrostan.pl\/#organization\",\"name\":\"Projekt Dobrostan\",\"url\":\"https:\/\/projektdobrostan.pl\/\",\"logo\":{\"@type\":\"ImageObject\",\"inLanguage\":\"pl-PL\",\"@id\":\"https:\/\/projektdobrostan.pl\/#\/schema\/logo\/image\/\",\"url\":\"https:\/\/projektdobrostan.pl\/wp-content\/uploads\/2024\/05\/logo-final-05-2024.png\",\"contentUrl\":\"https:\/\/projektdobrostan.pl\/wp-content\/uploads\/2024\/05\/logo-final-05-2024.png\",\"width\":393,\"height\":388,\"caption\":\"Projekt Dobrostan\"},\"image\":{\"@id\":\"https:\/\/projektdobrostan.pl\/#\/schema\/logo\/image\/\"}}]}<\/script>\n<!-- \/ Yoast SEO plugin. -->","yoast_head_json":{"title":"Moja misja - Projekt Dobrostan","robots":{"index":"index","follow":"follow","max-snippet":"max-snippet:-1","max-image-preview":"max-image-preview:large","max-video-preview":"max-video-preview:-1"},"canonical":"https:\/\/projektdobrostan.pl\/?page_id=30","og_locale":"pl_PL","og_type":"article","og_title":"Moja misja - Projekt Dobrostan","og_description":"Integruj\u0119 Zachodni coaching i strategi\u0119 ze Wschodni\u0105 medycyn\u0105 i duchowo\u015bci\u0105, by prowadzi\u0107 kobiety przez kluczowe zmiany \u017cyciowe. Korzystam z wiedzy z zakresu zarz\u0105dzania i marketingu, coachingu i mentoringu, medycyny chi\u0144skiej, dietetyki profilaktycznej i leczniczej systemu medycyny chi\u0144skiej, a tak\u017ce narz\u0119dzi i metod zaczerpni\u0119tych ze wschodnich filozofii duchowych (jogi i buddyzmu). Pomagam kobietom w 3 kluczowych&hellip; Czytaj dalej Moja misja","og_url":"https:\/\/projektdobrostan.pl\/?page_id=30","og_site_name":"Projekt Dobrostan","article_modified_time":"2025-09-03T05:34:13+00:00","og_image":[{"url":"https:\/\/projektdobrostan.pl\/wp-content\/uploads\/2025\/08\/IMG_8739-768x1024.jpg"}],"twitter_card":"summary_large_image","twitter_misc":{"Szacowany czas czytania":"6 minut"},"schema":{"@context":"https:\/\/schema.org","@graph":[{"@type":"WebPage","@id":"https:\/\/projektdobrostan.pl\/?page_id=30","url":"https:\/\/projektdobrostan.pl\/?page_id=30","name":"Moja misja - Projekt Dobrostan","isPartOf":{"@id":"https:\/\/projektdobrostan.pl\/#website"},"datePublished":"2023-09-02T13:49:27+00:00","dateModified":"2025-09-03T05:34:13+00:00","breadcrumb":{"@id":"https:\/\/projektdobrostan.pl\/?page_id=30#breadcrumb"},"inLanguage":"pl-PL","potentialAction":[{"@type":"ReadAction","target":["https:\/\/projektdobrostan.pl\/?page_id=30"]}]},{"@type":"BreadcrumbList","@id":"https:\/\/projektdobrostan.pl\/?page_id=30#breadcrumb","itemListElement":[{"@type":"ListItem","position":1,"name":"Home","item":"https:\/\/projektdobrostan.pl\/"},{"@type":"ListItem","position":2,"name":"Moja misja"}]},{"@type":"WebSite","@id":"https:\/\/projektdobrostan.pl\/#website","url":"https:\/\/projektdobrostan.pl\/","name":"Projekt Dobrostan","description":"","publisher":{"@id":"https:\/\/projektdobrostan.pl\/#organization"},"potentialAction":[{"@type":"SearchAction","target":{"@type":"EntryPoint","urlTemplate":"https:\/\/projektdobrostan.pl\/?s={search_term_string}"},"query-input":"required name=search_term_string"}],"inLanguage":"pl-PL"},{"@type":"Organization","@id":"https:\/\/projektdobrostan.pl\/#organization","name":"Projekt Dobrostan","url":"https:\/\/projektdobrostan.pl\/","logo":{"@type":"ImageObject","inLanguage":"pl-PL","@id":"https:\/\/projektdobrostan.pl\/#\/schema\/logo\/image\/","url":"https:\/\/projektdobrostan.pl\/wp-content\/uploads\/2024\/05\/logo-final-05-2024.png","contentUrl":"https:\/\/projektdobrostan.pl\/wp-content\/uploads\/2024\/05\/logo-final-05-2024.png","width":393,"height":388,"caption":"Projekt Dobrostan"},"image":{"@id":"https:\/\/projektdobrostan.pl\/#\/schema\/logo\/image\/"}}]}},"_links":{"self":[{"href":"https:\/\/projektdobrostan.pl\/index.php?rest_route=\/wp\/v2\/pages\/30","targetHints":{"allow":["GET"]}}],"collection":[{"href":"https:\/\/projektdobrostan.pl\/index.php?rest_route=\/wp\/v2\/pages"}],"about":[{"href":"https:\/\/projektdobrostan.pl\/index.php?rest_route=\/wp\/v2\/types\/page"}],"author":[{"embeddable":true,"href":"https:\/\/projektdobrostan.pl\/index.php?rest_route=\/wp\/v2\/users\/1"}],"replies":[{"embeddable":true,"href":"https:\/\/projektdobrostan.pl\/index.php?rest_route=%2Fwp%2Fv2%2Fcomments&post=30"}],"version-history":[{"count":39,"href":"https:\/\/projektdobrostan.pl\/index.php?rest_route=\/wp\/v2\/pages\/30\/revisions"}],"predecessor-version":[{"id":604,"href":"https:\/\/projektdobrostan.pl\/index.php?rest_route=\/wp\/v2\/pages\/30\/revisions\/604"}],"wp:attachment":[{"href":"https:\/\/projektdobrostan.pl\/index.php?rest_route=%2Fwp%2Fv2%2Fmedia&parent=30"}],"curies":[{"name":"wp","href":"https:\/\/api.w.org\/{rel}","templated":true}]}}